{"id":99,"date":"2024-09-12T20:05:43","date_gmt":"2024-09-12T20:05:43","guid":{"rendered":"https:\/\/nifty-ritchie.176-9-136-151.plesk.page\/?page_id=99"},"modified":"2024-09-13T12:17:11","modified_gmt":"2024-09-13T12:17:11","slug":"innenreinigung","status":"publish","type":"page","link":"https:\/\/nifty-ritchie.176-9-136-151.plesk.page\/?page_id=99","title":{"rendered":"Innenreinigung"},"content":{"rendered":"\n<div class=\"wp-block-media-text alignfull is-stacked-on-mobile\"><figure class=\"wp-block-media-text__media\"><img loading=\"lazy\" decoding=\"async\" width=\"683\" height=\"1024\" src=\"https:\/\/nifty-ritchie.176-9-136-151.plesk.page\/wp-content\/uploads\/2024\/09\/DSC00926-8-683x1024.jpg\" alt=\"\" class=\"wp-image-107 size-full\" srcset=\"https:\/\/nifty-ritchie.176-9-136-151.plesk.page\/wp-content\/uploads\/2024\/09\/DSC00926-8-683x1024.jpg 683w, https:\/\/nifty-ritchie.176-9-136-151.plesk.page\/wp-content\/uploads\/2024\/09\/DSC00926-8-200x300.jpg 200w, https:\/\/nifty-ritchie.176-9-136-151.plesk.page\/wp-content\/uploads\/2024\/09\/DSC00926-8-768x1152.jpg 768w, https:\/\/nifty-ritchie.176-9-136-151.plesk.page\/wp-content\/uploads\/2024\/09\/DSC00926-8-1024x1536.jpg 1024w, https:\/\/nifty-ritchie.176-9-136-151.plesk.page\/wp-content\/uploads\/2024\/09\/DSC00926-8.jpg 1365w\" sizes=\"auto, (max-width: 683px) 100vw, 683px\" \/><\/figure><div class=\"wp-block-media-text__content\">\n<h2 class=\"wp-block-heading\">Intensive Textilreinigung<\/h2>\n\n\n\n<p>Ein wesentlicher Bestandteil der Fahrzeuginnenreinigung entf\u00e4llt auf die Textilpflege. Dazu z\u00e4hlen das Aussaugen des gesamten Fahrzeugraums und Kofferraums, die Tierhaarentfernung, Lederreinigung und Lederpflege, Teppichreinigung, Schimmelentfernung und Polsterreinigung. Au\u00dferdem ergreifen wir Pr\u00e4ventivma\u00dfnahmen mit dem Zweck, eine neuerliche Verunreinigung zu verhindern.<br><\/p>\n\n\n\n<p><\/p>\n<\/div><\/div>\n\n\n\n<div class=\"wp-block-media-text alignfull has-media-on-the-right is-stacked-on-mobile\"><div class=\"wp-block-media-text__content\">\n<h2 class=\"wp-block-heading\">Cockpitreinigung und Cockpitpflege<\/h2>\n\n\n\n<p>Die Cockpitreinigung umfasst die S\u00e4uberung und Pflege aller Kunststoffteile (Fu\u00dfmatten, Cockpit, L\u00fcftungsschlitze und Seitenwandverkleidungen), eine gr\u00fcndliche Scheibeninnenreinigung, die Reinigung des T\u00fcrrahmens sowie die Reinigung des Fahrzeughimmels. Um bestm\u00f6gliche Ergebnisse zu erzielen, verwenden unsere Mitarbeiter daf\u00fcr ausschlie\u00dflich modernste Reinigungsprodukte, die sie mithilfe moderner Reinigungstechniken anwenden.<br><\/p>\n<\/div><figure class=\"wp-block-media-text__media\"><img loading=\"lazy\" decoding=\"async\" width=\"683\" height=\"1024\" src=\"https:\/\/nifty-ritchie.176-9-136-151.plesk.page\/wp-content\/uploads\/2024\/09\/DSC00920-8-683x1024.jpg\" alt=\"\" class=\"wp-image-108 size-full\" srcset=\"https:\/\/nifty-ritchie.176-9-136-151.plesk.page\/wp-content\/uploads\/2024\/09\/DSC00920-8-683x1024.jpg 683w, https:\/\/nifty-ritchie.176-9-136-151.plesk.page\/wp-content\/uploads\/2024\/09\/DSC00920-8-200x300.jpg 200w, https:\/\/nifty-ritchie.176-9-136-151.plesk.page\/wp-content\/uploads\/2024\/09\/DSC00920-8-768x1152.jpg 768w, https:\/\/nifty-ritchie.176-9-136-151.plesk.page\/wp-content\/uploads\/2024\/09\/DSC00920-8-1024x1536.jpg 1024w, https:\/\/nifty-ritchie.176-9-136-151.plesk.page\/wp-content\/uploads\/2024\/09\/DSC00920-8.jpg 1365w\" sizes=\"auto, (max-width: 683px) 100vw, 683px\" \/><\/figure><\/div>\n\n\n\n<p><\/p>\n","protected":false},"excerpt":{"rendered":"<p>Intensive Textilreinigung Ein wesentlicher Bestandteil der Fahrzeuginnenreinigung entf\u00e4llt auf die Textilpflege. Dazu z\u00e4hlen das Aussaugen des gesamten Fahrzeugraums und Kofferraums, die Tierhaarentfernung, Lederreinigung und Lederpflege, Teppichreinigung, Schimmelentfernung und Polsterreinigung. Au\u00dferdem ergreifen wir Pr\u00e4ventivma\u00dfnahmen mit dem Zweck, eine neuerliche Verunreinigung zu verhindern. Cockpitreinigung und Cockpitpflege Die Cockpitreinigung umfasst die S\u00e4uberung und Pflege aller Kunststoffteile (Fu\u00dfmatten, Cockpit, [&hellip;]<\/p>\n","protected":false},"author":1,"featured_media":115,"parent":0,"menu_order":0,"comment_status":"closed","ping_status":"closed","template":"page-no-title","meta":{"footnotes":""},"class_list":["post-99","page","type-page","status-publish","has-post-thumbnail","hentry"],"_links":{"self":[{"href":"https:\/\/nifty-ritchie.176-9-136-151.plesk.page\/index.php?rest_route=\/wp\/v2\/pages\/99","targetHints":{"allow":["GET"]}}],"collection":[{"href":"https:\/\/nifty-ritchie.176-9-136-151.plesk.page\/index.php?rest_route=\/wp\/v2\/pages"}],"about":[{"href":"https:\/\/nifty-ritchie.176-9-136-151.plesk.page\/index.php?rest_route=\/wp\/v2\/types\/page"}],"author":[{"embeddable":true,"href":"https:\/\/nifty-ritchie.176-9-136-151.plesk.page\/index.php?rest_route=\/wp\/v2\/users\/1"}],"replies":[{"embeddable":true,"href":"https:\/\/nifty-ritchie.176-9-136-151.plesk.page\/index.php?rest_route=%2Fwp%2Fv2%2Fcomments&post=99"}],"version-history":[{"count":3,"href":"https:\/\/nifty-ritchie.176-9-136-151.plesk.page\/index.php?rest_route=\/wp\/v2\/pages\/99\/revisions"}],"predecessor-version":[{"id":144,"href":"https:\/\/nifty-ritchie.176-9-136-151.plesk.page\/index.php?rest_route=\/wp\/v2\/pages\/99\/revisions\/144"}],"wp:featuredmedia":[{"embeddable":true,"href":"https:\/\/nifty-ritchie.176-9-136-151.plesk.page\/index.php?rest_route=\/wp\/v2\/media\/115"}],"wp:attachment":[{"href":"https:\/\/nifty-ritchie.176-9-136-151.plesk.page\/index.php?rest_route=%2Fwp%2Fv2%2Fmedia&parent=99"}],"curies":[{"name":"wp","href":"https:\/\/api.w.org\/{rel}","templated":true}]}}