{"id":2,"date":"2024-09-12T10:15:26","date_gmt":"2024-09-12T10:15:26","guid":{"rendered":"https:\/\/nifty-ritchie.176-9-136-151.plesk.page\/?page_id=2"},"modified":"2024-09-14T08:06:32","modified_gmt":"2024-09-14T08:06:32","slug":"sample-page","status":"publish","type":"page","link":"https:\/\/nifty-ritchie.176-9-136-151.plesk.page\/","title":{"rendered":"Home"},"content":{"rendered":"\n<div class=\"wp-block-group alignfull has-global-padding is-layout-constrained wp-block-group-is-layout-constrained\">\n<hr class=\"wp-block-separator has-text-color has-base-2-color has-alpha-channel-opacity has-base-2-background-color has-background\" style=\"margin-top:var(--wp--preset--spacing--30);margin-bottom:var(--wp--preset--spacing--30)\"\/>\n<\/div>\n\n\n\n<figure class=\"wp-block-gallery alignfull has-nested-images columns-default is-cropped wp-block-gallery-1 is-layout-flex wp-block-gallery-is-layout-flex\">\n<figure class=\"wp-block-image size-large\"><img loading=\"lazy\" decoding=\"async\" width=\"683\" height=\"1024\" data-id=\"133\" src=\"https:\/\/nifty-ritchie.176-9-136-151.plesk.page\/wp-content\/uploads\/2024\/09\/DSC02329-min-683x1024.jpg\" alt=\"\" class=\"wp-image-133\" srcset=\"https:\/\/nifty-ritchie.176-9-136-151.plesk.page\/wp-content\/uploads\/2024\/09\/DSC02329-min-683x1024.jpg 683w, https:\/\/nifty-ritchie.176-9-136-151.plesk.page\/wp-content\/uploads\/2024\/09\/DSC02329-min-200x300.jpg 200w, https:\/\/nifty-ritchie.176-9-136-151.plesk.page\/wp-content\/uploads\/2024\/09\/DSC02329-min-768x1152.jpg 768w, https:\/\/nifty-ritchie.176-9-136-151.plesk.page\/wp-content\/uploads\/2024\/09\/DSC02329-min-1024x1536.jpg 1024w, https:\/\/nifty-ritchie.176-9-136-151.plesk.page\/wp-content\/uploads\/2024\/09\/DSC02329-min-1365x2048.jpg 1365w, https:\/\/nifty-ritchie.176-9-136-151.plesk.page\/wp-content\/uploads\/2024\/09\/DSC02329-min-scaled.jpg 1707w\" sizes=\"auto, (max-width: 683px) 100vw, 683px\" \/><\/figure>\n\n\n\n<figure class=\"wp-block-image size-large\"><img loading=\"lazy\" decoding=\"async\" width=\"683\" height=\"1024\" data-id=\"135\" src=\"https:\/\/nifty-ritchie.176-9-136-151.plesk.page\/wp-content\/uploads\/2024\/09\/DSC02347-min-683x1024.jpg\" alt=\"\" class=\"wp-image-135\" srcset=\"https:\/\/nifty-ritchie.176-9-136-151.plesk.page\/wp-content\/uploads\/2024\/09\/DSC02347-min-683x1024.jpg 683w, https:\/\/nifty-ritchie.176-9-136-151.plesk.page\/wp-content\/uploads\/2024\/09\/DSC02347-min-200x300.jpg 200w, https:\/\/nifty-ritchie.176-9-136-151.plesk.page\/wp-content\/uploads\/2024\/09\/DSC02347-min-768x1152.jpg 768w, https:\/\/nifty-ritchie.176-9-136-151.plesk.page\/wp-content\/uploads\/2024\/09\/DSC02347-min-1024x1536.jpg 1024w, https:\/\/nifty-ritchie.176-9-136-151.plesk.page\/wp-content\/uploads\/2024\/09\/DSC02347-min-1365x2048.jpg 1365w, https:\/\/nifty-ritchie.176-9-136-151.plesk.page\/wp-content\/uploads\/2024\/09\/DSC02347-min-scaled.jpg 1707w\" sizes=\"auto, (max-width: 683px) 100vw, 683px\" \/><\/figure>\n\n\n\n<figure class=\"wp-block-image size-large\"><img loading=\"lazy\" decoding=\"async\" width=\"683\" height=\"1024\" data-id=\"126\" src=\"https:\/\/nifty-ritchie.176-9-136-151.plesk.page\/wp-content\/uploads\/2024\/09\/DSC01229-min-683x1024.jpg\" alt=\"\" class=\"wp-image-126\" srcset=\"https:\/\/nifty-ritchie.176-9-136-151.plesk.page\/wp-content\/uploads\/2024\/09\/DSC01229-min-683x1024.jpg 683w, https:\/\/nifty-ritchie.176-9-136-151.plesk.page\/wp-content\/uploads\/2024\/09\/DSC01229-min-200x300.jpg 200w, https:\/\/nifty-ritchie.176-9-136-151.plesk.page\/wp-content\/uploads\/2024\/09\/DSC01229-min-768x1152.jpg 768w, https:\/\/nifty-ritchie.176-9-136-151.plesk.page\/wp-content\/uploads\/2024\/09\/DSC01229-min-1024x1536.jpg 1024w, https:\/\/nifty-ritchie.176-9-136-151.plesk.page\/wp-content\/uploads\/2024\/09\/DSC01229-min-1365x2048.jpg 1365w, https:\/\/nifty-ritchie.176-9-136-151.plesk.page\/wp-content\/uploads\/2024\/09\/DSC01229-min-scaled.jpg 1707w\" sizes=\"auto, (max-width: 683px) 100vw, 683px\" \/><\/figure>\n<\/figure>\n\n\n\n<hr class=\"wp-block-separator has-text-color has-base-2-color has-alpha-channel-opacity has-base-2-background-color has-background\" style=\"margin-top:var(--wp--preset--spacing--40);margin-bottom:var(--wp--preset--spacing--40)\"\/>\n\n\n\n<div class=\"wp-block-media-text alignfull is-stacked-on-mobile\" style=\"padding-top:0;padding-right:0;padding-bottom:0;padding-left:0\"><figure class=\"wp-block-media-text__media\"><img loading=\"lazy\" decoding=\"async\" width=\"683\" height=\"1024\" src=\"https:\/\/nifty-ritchie.176-9-136-151.plesk.page\/wp-content\/uploads\/2024\/09\/DSC00920-8-683x1024.jpg\" alt=\"\" class=\"wp-image-108 size-full\" srcset=\"https:\/\/nifty-ritchie.176-9-136-151.plesk.page\/wp-content\/uploads\/2024\/09\/DSC00920-8-683x1024.jpg 683w, https:\/\/nifty-ritchie.176-9-136-151.plesk.page\/wp-content\/uploads\/2024\/09\/DSC00920-8-200x300.jpg 200w, https:\/\/nifty-ritchie.176-9-136-151.plesk.page\/wp-content\/uploads\/2024\/09\/DSC00920-8-768x1152.jpg 768w, https:\/\/nifty-ritchie.176-9-136-151.plesk.page\/wp-content\/uploads\/2024\/09\/DSC00920-8-1024x1536.jpg 1024w, https:\/\/nifty-ritchie.176-9-136-151.plesk.page\/wp-content\/uploads\/2024\/09\/DSC00920-8.jpg 1365w\" sizes=\"auto, (max-width: 683px) 100vw, 683px\" \/><\/figure><div class=\"wp-block-media-text__content\">\n<h3 class=\"wp-block-heading\">Professionelle Autoaufbereitung<\/h3>\n\n\n\n<p>Unser Fachbetrieb f\u00fcr Fahrzeugaufbereitung wurde im Jahr 2016 gegr\u00fcndet und besch\u00e4ftigt drei flei\u00dfige und motivierte Mitarbeiter. Ihre Hauptaufgabe besteht darin, Autos aller Markenhersteller in einen optisch und hygienisch einwandfreien Zustand zu versetzen, um den Fahrkomfort zu sichern und den Wiederverkaufswert des Fahrzeugs zu steigern. Eine professionelle Autoaufbereitung beinhaltet die komplette Innen- und Au\u00dfenreinigung Ihres Kfz mithilfe von Spezialwerkzeugen, Polituren und Reinigungsmitteln. Auch Kleinreparaturen wie das Entfernen von Kratzern und Schrammen an Polsterung, Lack, Leder, Kunststoff und Scheiben sowie das Auftragen einer Politur fallen in den Bereich der Autoaufbereitung. Durch unsere langj\u00e4hrige Erfahrung auf diesem Gebiet verf\u00fcgen wir \u00fcber die Mittel und M\u00f6glichkeiten, um alle erforderlichen Arbeiten zeitnah, sorgf\u00e4ltig, gewissenhaft und zur vollsten Zufriedenheit unserer Kundschaft durchf\u00fchren zu k\u00f6nnen. Rufen Sie uns an, um mehr dar\u00fcber zu erfahren oder ein unverbindliches Angebot einzuholen!<br><\/p>\n<\/div><\/div>\n\n\n\n<div class=\"wp-block-media-text alignfull has-media-on-the-right is-stacked-on-mobile\"><div class=\"wp-block-media-text__content\">\n<h3 class=\"wp-block-heading\">Versiegelung und Fahrzeugschutz<\/h3>\n\n\n\n<p>Als autorisiertes Zentrum f\u00fcr die Opti-Coat-Keramikversiegelung bieten wir Autobesitzern dauerhaften Schutz vor Lacksch\u00e4den durch UV-Strahlung. Das in der Keramikversiegelung enthaltene Silizium verbindet sich mit dem Lack zu einer extrem harten Siliziumdioxid-Schicht auf Polymer-Basis. F\u00fcr Sie als Kfz-Inhaber bedeutet das mehr Fahrspa\u00df und eine l\u00e4ngere Lebensdauer der Oberfl\u00e4che. Erg\u00e4nzend zur Versiegelung nehmen wir eine gr\u00fcndliche und pr\u00e4zise Fahrzeugreinigung nach den neuesten Branchenstandards vor. Dabei ber\u00fccksichtigen wir sowohl Ihre individuellen Vorstellungen als auch alle relevanten Herstellervorgaben. Am Ende bekommen Sie ein Fahrzeug, das wie neu aussieht: sauber, gepflegt und f\u00fcr alle Herausforderungen ger\u00fcstet. Die Kosten richten sich nach dem Umfang und der gew\u00fcnschten Art der Dienstleistung, wobei wir unseren Kunden g\u00fcnstige Komplettpakete anbieten.<br><\/p>\n<\/div><figure class=\"wp-block-media-text__media\"><img loading=\"lazy\" decoding=\"async\" width=\"683\" height=\"1024\" src=\"https:\/\/nifty-ritchie.176-9-136-151.plesk.page\/wp-content\/uploads\/2024\/09\/DSC00926-8-683x1024.jpg\" alt=\"\" class=\"wp-image-107 size-full\" srcset=\"https:\/\/nifty-ritchie.176-9-136-151.plesk.page\/wp-content\/uploads\/2024\/09\/DSC00926-8-683x1024.jpg 683w, https:\/\/nifty-ritchie.176-9-136-151.plesk.page\/wp-content\/uploads\/2024\/09\/DSC00926-8-200x300.jpg 200w, https:\/\/nifty-ritchie.176-9-136-151.plesk.page\/wp-content\/uploads\/2024\/09\/DSC00926-8-768x1152.jpg 768w, https:\/\/nifty-ritchie.176-9-136-151.plesk.page\/wp-content\/uploads\/2024\/09\/DSC00926-8-1024x1536.jpg 1024w, https:\/\/nifty-ritchie.176-9-136-151.plesk.page\/wp-content\/uploads\/2024\/09\/DSC00926-8.jpg 1365w\" sizes=\"auto, (max-width: 683px) 100vw, 683px\" \/><\/figure><\/div>\n\n\n\n<div class=\"wp-block-group alignfull is-vertical is-content-justification-center is-layout-flex wp-container-core-group-is-layout-9d5255cf wp-block-group-is-layout-flex\" style=\"margin-top:var(--wp--preset--spacing--40);margin-bottom:var(--wp--preset--spacing--40);padding-top:var(--wp--preset--spacing--10);padding-bottom:var(--wp--preset--spacing--10)\">\n<h2 class=\"wp-block-heading\">Unsere Leistungen<\/h2>\n\n\n\n<div class=\"wp-block-columns alignwide is-layout-flex wp-container-core-columns-is-layout-260db6ee wp-block-columns-is-layout-flex\" style=\"margin-top:0;margin-bottom:0;padding-right:var(--wp--preset--spacing--40);padding-left:var(--wp--preset--spacing--40)\">\n<div class=\"wp-block-column is-layout-flow wp-container-core-column-is-layout-e3d1c41b wp-block-column-is-layout-flow\">\n<h5 class=\"wp-block-heading\"><strong>Opti-Coat-Versiegelung<\/strong><\/h5>\n\n\n\n<p>Eine professionelle Beschichtung f\u00fcr den Langzeitschutz des Fahrzeuglacks vor Umwelteinfl\u00fcssen.<\/p>\n<\/div>\n\n\n\n<div class=\"wp-block-column is-layout-flow wp-container-core-column-is-layout-e3d1c41b wp-block-column-is-layout-flow\">\n<h5 class=\"wp-block-heading\"><strong>Innenreinigung<\/strong><\/h5>\n\n\n\n<p>Gr\u00fcndliche Reinigung des Fahrzeuginnenraums inklusive Polster, Teppiche und Oberfl\u00e4chen.<\/p>\n<\/div>\n\n\n\n<div class=\"wp-block-column is-layout-flow wp-container-core-column-is-layout-e3d1c41b wp-block-column-is-layout-flow\">\n<h5 class=\"wp-block-heading\"><strong>Au\u00dfenreinigung<\/strong><\/h5>\n\n\n\n<p class=\"has-text-align-left\">Sorgf\u00e4ltige Reinigung der Fahrzeugau\u00dfenseite f\u00fcr einen makellosen Glanz.<\/p>\n<\/div>\n<\/div>\n<\/div>\n\n\n\n<div class=\"wp-block-group alignfull is-vertical is-content-justification-center is-layout-flex wp-container-core-group-is-layout-970f9a3b wp-block-group-is-layout-flex\" style=\"margin-top:var(--wp--preset--spacing--20);margin-bottom:var(--wp--preset--spacing--20);padding-top:var(--wp--preset--spacing--10);padding-bottom:var(--wp--preset--spacing--10)\">\n<div class=\"wp-block-columns alignwide is-layout-flex wp-container-core-columns-is-layout-7a7f1729 wp-block-columns-is-layout-flex\" style=\"margin-top:0;margin-bottom:0;padding-right:var(--wp--preset--spacing--40);padding-left:var(--wp--preset--spacing--40)\">\n<div class=\"wp-block-column is-layout-flow wp-container-core-column-is-layout-e3d1c41b wp-block-column-is-layout-flow\">\n<h5 class=\"wp-block-heading\"><strong>Politur<\/strong><\/h5>\n\n\n\n<p>Aufbereitung des Lacks f\u00fcr eine gl\u00e4nzende, kratzfreie Oberfl\u00e4che.<\/p>\n<\/div>\n\n\n\n<div class=\"wp-block-column is-layout-flow wp-container-core-column-is-layout-e3d1c41b wp-block-column-is-layout-flow\">\n<h5 class=\"wp-block-heading\"><strong>Project Management<\/strong><\/h5>\n\n\n\n<p>Tiefenreinigung von Polstern und Stoffen, um Flecken und Schmutz zu entfernen.<\/p>\n<\/div>\n\n\n\n<div class=\"wp-block-column is-layout-flow wp-container-core-column-is-layout-e3d1c41b wp-block-column-is-layout-flow\">\n<h5 class=\"wp-block-heading\"><strong>Architectural Solutions<\/strong><\/h5>\n\n\n\n<p class=\"has-text-align-left\">Umfassende, gr\u00fcndliche Reinigung, die auch schwer zug\u00e4ngliche Bereiche umfasst.<\/p>\n<\/div>\n<\/div>\n<\/div>\n","protected":false},"excerpt":{"rendered":"<p>Professionelle Autoaufbereitung Unser Fachbetrieb f\u00fcr Fahrzeugaufbereitung wurde im Jahr 2016 gegr\u00fcndet und besch\u00e4ftigt drei flei\u00dfige und motivierte Mitarbeiter. Ihre Hauptaufgabe besteht darin, Autos aller Markenhersteller in einen optisch und hygienisch einwandfreien Zustand zu versetzen, um den Fahrkomfort zu sichern und den Wiederverkaufswert des Fahrzeugs zu steigern. Eine professionelle Autoaufbereitung beinhaltet die komplette Innen- und Au\u00dfenreinigung [&hellip;]<\/p>\n","protected":false},"author":1,"featured_media":87,"parent":0,"menu_order":0,"comment_status":"closed","ping_status":"open","template":"page-no-title","meta":{"footnotes":""},"class_list":["post-2","page","type-page","status-publish","has-post-thumbnail","hentry"],"_links":{"self":[{"href":"https:\/\/nifty-ritchie.176-9-136-151.plesk.page\/index.php?rest_route=\/wp\/v2\/pages\/2","targetHints":{"allow":["GET"]}}],"collection":[{"href":"https:\/\/nifty-ritchie.176-9-136-151.plesk.page\/index.php?rest_route=\/wp\/v2\/pages"}],"about":[{"href":"https:\/\/nifty-ritchie.176-9-136-151.plesk.page\/index.php?rest_route=\/wp\/v2\/types\/page"}],"author":[{"embeddable":true,"href":"https:\/\/nifty-ritchie.176-9-136-151.plesk.page\/index.php?rest_route=\/wp\/v2\/users\/1"}],"replies":[{"embeddable":true,"href":"https:\/\/nifty-ritchie.176-9-136-151.plesk.page\/index.php?rest_route=%2Fwp%2Fv2%2Fcomments&post=2"}],"version-history":[{"count":35,"href":"https:\/\/nifty-ritchie.176-9-136-151.plesk.page\/index.php?rest_route=\/wp\/v2\/pages\/2\/revisions"}],"predecessor-version":[{"id":183,"href":"https:\/\/nifty-ritchie.176-9-136-151.plesk.page\/index.php?rest_route=\/wp\/v2\/pages\/2\/revisions\/183"}],"wp:featuredmedia":[{"embeddable":true,"href":"https:\/\/nifty-ritchie.176-9-136-151.plesk.page\/index.php?rest_route=\/wp\/v2\/media\/87"}],"wp:attachment":[{"href":"https:\/\/nifty-ritchie.176-9-136-151.plesk.page\/index.php?rest_route=%2Fwp%2Fv2%2Fmedia&parent=2"}],"curies":[{"name":"wp","href":"https:\/\/api.w.org\/{rel}","templated":true}]}}