{"id":114,"date":"2024-09-13T09:47:37","date_gmt":"2024-09-13T09:47:37","guid":{"rendered":"https:\/\/nifty-ritchie.176-9-136-151.plesk.page\/?page_id=114"},"modified":"2024-09-14T07:18:33","modified_gmt":"2024-09-14T07:18:33","slug":"keramikversiegelung","status":"publish","type":"page","link":"https:\/\/nifty-ritchie.176-9-136-151.plesk.page\/?page_id=114","title":{"rendered":"Keramikversiegelung"},"content":{"rendered":"\n<div class=\"wp-block-media-text alignfull is-stacked-on-mobile\" style=\"margin-top:0;margin-bottom:0;padding-top:0;padding-bottom:0\"><figure class=\"wp-block-media-text__media\"><img loading=\"lazy\" decoding=\"async\" width=\"683\" height=\"1024\" src=\"https:\/\/nifty-ritchie.176-9-136-151.plesk.page\/wp-content\/uploads\/2024\/09\/DSC02390-Edit-Kopie-min-683x1024.jpg\" alt=\"\" class=\"wp-image-139 size-full\" srcset=\"https:\/\/nifty-ritchie.176-9-136-151.plesk.page\/wp-content\/uploads\/2024\/09\/DSC02390-Edit-Kopie-min-683x1024.jpg 683w, https:\/\/nifty-ritchie.176-9-136-151.plesk.page\/wp-content\/uploads\/2024\/09\/DSC02390-Edit-Kopie-min-200x300.jpg 200w, https:\/\/nifty-ritchie.176-9-136-151.plesk.page\/wp-content\/uploads\/2024\/09\/DSC02390-Edit-Kopie-min-768x1152.jpg 768w, https:\/\/nifty-ritchie.176-9-136-151.plesk.page\/wp-content\/uploads\/2024\/09\/DSC02390-Edit-Kopie-min-1024x1536.jpg 1024w, https:\/\/nifty-ritchie.176-9-136-151.plesk.page\/wp-content\/uploads\/2024\/09\/DSC02390-Edit-Kopie-min-1365x2048.jpg 1365w, https:\/\/nifty-ritchie.176-9-136-151.plesk.page\/wp-content\/uploads\/2024\/09\/DSC02390-Edit-Kopie-min-scaled.jpg 1707w\" sizes=\"auto, (max-width: 683px) 100vw, 683px\" \/><\/figure><div class=\"wp-block-media-text__content\">\n<h2 class=\"wp-block-heading\">Schutz bei jeder Witterung durch Opti-Coat-Versiegelung<\/h2>\n\n\n\n<p>Eine Opti-Coat-Keramikversiegelung zahlt sich aus, da sie zuverl\u00e4ssigen Schutz vor allen m\u00f6glichen Witterungseinfl\u00fcssen bietet. Sie ist h\u00e4rter als der Herstellerlack und resistent gegen Kratzer, Salz, UV-Strahlung, N\u00e4sse und chemische Ver\u00e4tzung. Dar\u00fcber hinaus betont sie den Glanz und die Farbintensit\u00e4t des Lacks und sorgt dadurch f\u00fcr eine einwandfreie \u00c4sthetik.<\/p>\n\n\n\n<p><\/p>\n\n\n\n<figure class=\"wp-block-image size-full\"><img loading=\"lazy\" decoding=\"async\" width=\"681\" height=\"294\" src=\"https:\/\/nifty-ritchie.176-9-136-151.plesk.page\/wp-content\/uploads\/2024\/09\/4715d9da-05a0-4abc-a441-bedcf6e5f6d5.jpeg\" alt=\"\" class=\"wp-image-117\" srcset=\"https:\/\/nifty-ritchie.176-9-136-151.plesk.page\/wp-content\/uploads\/2024\/09\/4715d9da-05a0-4abc-a441-bedcf6e5f6d5.jpeg 681w, https:\/\/nifty-ritchie.176-9-136-151.plesk.page\/wp-content\/uploads\/2024\/09\/4715d9da-05a0-4abc-a441-bedcf6e5f6d5-300x130.jpeg 300w\" sizes=\"auto, (max-width: 681px) 100vw, 681px\" \/><\/figure>\n<\/div><\/div>\n\n\n\n<div class=\"wp-block-media-text alignfull has-media-on-the-right is-stacked-on-mobile\"><div class=\"wp-block-media-text__content\">\n<h2 class=\"wp-block-heading\">Pr\u00e4zise Arbeitsweise<\/h2>\n\n\n\n<p>Unsere Mitarbeiter im Salzkammergut kennen sich bestens mit Versiegelungen f\u00fcr Kraftfahrzeuge aus. Sie arbeiten konzentriert, pr\u00e4zise und zentimetergenau bis ins letzte Detail, um ihren Kunden ein optimales Resultat zu garantieren. Bei Auto Shine handelt es sich um einen autorisierten Betrieb f\u00fcr die Opti-Coat-Versiegelung, d.h. unsere Ausr\u00fcstung spricht f\u00fcr eine hohe Produktqualit\u00e4t und wird von unserem technisch versierten Personal nach dem neuesten Wissensstand eingesetzt.<br><\/p>\n\n\n\n<figure class=\"wp-block-image size-full\"><img loading=\"lazy\" decoding=\"async\" width=\"421\" height=\"421\" src=\"https:\/\/nifty-ritchie.176-9-136-151.plesk.page\/wp-content\/uploads\/2024\/09\/opti_coat.png\" alt=\"\" class=\"wp-image-119\" srcset=\"https:\/\/nifty-ritchie.176-9-136-151.plesk.page\/wp-content\/uploads\/2024\/09\/opti_coat.png 421w, https:\/\/nifty-ritchie.176-9-136-151.plesk.page\/wp-content\/uploads\/2024\/09\/opti_coat-300x300.png 300w, https:\/\/nifty-ritchie.176-9-136-151.plesk.page\/wp-content\/uploads\/2024\/09\/opti_coat-150x150.png 150w\" sizes=\"auto, (max-width: 421px) 100vw, 421px\" \/><\/figure>\n<\/div><figure class=\"wp-block-media-text__media\"><img loading=\"lazy\" decoding=\"async\" width=\"683\" height=\"1024\" src=\"https:\/\/nifty-ritchie.176-9-136-151.plesk.page\/wp-content\/uploads\/2024\/09\/DSC02329-min-683x1024.jpg\" alt=\"\" class=\"wp-image-133 size-full\" srcset=\"https:\/\/nifty-ritchie.176-9-136-151.plesk.page\/wp-content\/uploads\/2024\/09\/DSC02329-min-683x1024.jpg 683w, https:\/\/nifty-ritchie.176-9-136-151.plesk.page\/wp-content\/uploads\/2024\/09\/DSC02329-min-200x300.jpg 200w, https:\/\/nifty-ritchie.176-9-136-151.plesk.page\/wp-content\/uploads\/2024\/09\/DSC02329-min-768x1152.jpg 768w, https:\/\/nifty-ritchie.176-9-136-151.plesk.page\/wp-content\/uploads\/2024\/09\/DSC02329-min-1024x1536.jpg 1024w, https:\/\/nifty-ritchie.176-9-136-151.plesk.page\/wp-content\/uploads\/2024\/09\/DSC02329-min-1365x2048.jpg 1365w, https:\/\/nifty-ritchie.176-9-136-151.plesk.page\/wp-content\/uploads\/2024\/09\/DSC02329-min-scaled.jpg 1707w\" sizes=\"auto, (max-width: 683px) 100vw, 683px\" \/><\/figure><\/div>\n","protected":false},"excerpt":{"rendered":"","protected":false},"author":1,"featured_media":115,"parent":0,"menu_order":0,"comment_status":"closed","ping_status":"closed","template":"page-no-title","meta":{"footnotes":""},"class_list":["post-114","page","type-page","status-publish","has-post-thumbnail","hentry"],"_links":{"self":[{"href":"https:\/\/nifty-ritchie.176-9-136-151.plesk.page\/index.php?rest_route=\/wp\/v2\/pages\/114","targetHints":{"allow":["GET"]}}],"collection":[{"href":"https:\/\/nifty-ritchie.176-9-136-151.plesk.page\/index.php?rest_route=\/wp\/v2\/pages"}],"about":[{"href":"https:\/\/nifty-ritchie.176-9-136-151.plesk.page\/index.php?rest_route=\/wp\/v2\/types\/page"}],"author":[{"embeddable":true,"href":"https:\/\/nifty-ritchie.176-9-136-151.plesk.page\/index.php?rest_route=\/wp\/v2\/users\/1"}],"replies":[{"embeddable":true,"href":"https:\/\/nifty-ritchie.176-9-136-151.plesk.page\/index.php?rest_route=%2Fwp%2Fv2%2Fcomments&post=114"}],"version-history":[{"count":3,"href":"https:\/\/nifty-ritchie.176-9-136-151.plesk.page\/index.php?rest_route=\/wp\/v2\/pages\/114\/revisions"}],"predecessor-version":[{"id":166,"href":"https:\/\/nifty-ritchie.176-9-136-151.plesk.page\/index.php?rest_route=\/wp\/v2\/pages\/114\/revisions\/166"}],"wp:featuredmedia":[{"embeddable":true,"href":"https:\/\/nifty-ritchie.176-9-136-151.plesk.page\/index.php?rest_route=\/wp\/v2\/media\/115"}],"wp:attachment":[{"href":"https:\/\/nifty-ritchie.176-9-136-151.plesk.page\/index.php?rest_route=%2Fwp%2Fv2%2Fmedia&parent=114"}],"curies":[{"name":"wp","href":"https:\/\/api.w.org\/{rel}","templated":true}]}}