{"id":106,"date":"2024-09-12T20:35:18","date_gmt":"2024-09-12T20:35:18","guid":{"rendered":"https:\/\/nifty-ritchie.176-9-136-151.plesk.page\/?page_id=106"},"modified":"2024-09-13T12:24:02","modified_gmt":"2024-09-13T12:24:02","slug":"ausenreinigung","status":"publish","type":"page","link":"https:\/\/nifty-ritchie.176-9-136-151.plesk.page\/?page_id=106","title":{"rendered":"Au\u00dfenreinigung"},"content":{"rendered":"\n<div class=\"wp-block-media-text alignfull is-stacked-on-mobile\" style=\"margin-top:0;margin-bottom:0;padding-top:0;padding-bottom:0\"><figure class=\"wp-block-media-text__media\"><img loading=\"lazy\" decoding=\"async\" width=\"683\" height=\"1024\" src=\"https:\/\/nifty-ritchie.176-9-136-151.plesk.page\/wp-content\/uploads\/2024\/09\/DSC02307-min-683x1024.jpg\" alt=\"\" class=\"wp-image-132 size-full\" srcset=\"https:\/\/nifty-ritchie.176-9-136-151.plesk.page\/wp-content\/uploads\/2024\/09\/DSC02307-min-683x1024.jpg 683w, https:\/\/nifty-ritchie.176-9-136-151.plesk.page\/wp-content\/uploads\/2024\/09\/DSC02307-min-200x300.jpg 200w, https:\/\/nifty-ritchie.176-9-136-151.plesk.page\/wp-content\/uploads\/2024\/09\/DSC02307-min-768x1152.jpg 768w, https:\/\/nifty-ritchie.176-9-136-151.plesk.page\/wp-content\/uploads\/2024\/09\/DSC02307-min-1024x1536.jpg 1024w, https:\/\/nifty-ritchie.176-9-136-151.plesk.page\/wp-content\/uploads\/2024\/09\/DSC02307-min-1365x2048.jpg 1365w, https:\/\/nifty-ritchie.176-9-136-151.plesk.page\/wp-content\/uploads\/2024\/09\/DSC02307-min-scaled.jpg 1707w\" sizes=\"auto, (max-width: 683px) 100vw, 683px\" \/><\/figure><div class=\"wp-block-media-text__content\">\n<h2 class=\"wp-block-heading\">Lackschonende Au\u00dfenw\u00e4sche<\/h2>\n\n\n\n<p>Im Mittelpunkt der Fahrzeug-Au\u00dfenaufbereitung steht eine lackschonende Au\u00dfenw\u00e4sche. Diese umfasst neben der Radkasten- und Felgenreinigung die h\u00e4ndische Reinigung der gesamten Karosserie sowie die Flugrost- und Insektenrestentfernung. Falls vorhanden, nehmen wir uns nat\u00fcrlich auch das Cabrio-Verdeck vor. Dabei achten wir stets auf eine sorgf\u00e4ltige und herstellerkonforme Durchf\u00fchrung aller Reinigungsarbeiten.<br><\/p>\n<\/div><\/div>\n\n\n\n<div class=\"wp-block-media-text alignfull has-media-on-the-right is-stacked-on-mobile\"><div class=\"wp-block-media-text__content\">\n<h2 class=\"wp-block-heading\">Tiefenreinigung mit Dampf<\/h2>\n\n\n\n<p>Zur professionellen Autoreinigung z\u00e4hlt auch eine schonende Tiefenreinigung mit Dampf. Diese Prozedur wird bei einer Temperatur von 200 Grad Celsius durchgef\u00fchrt und dient vorwiegend der Teerentfernung. Anschlie\u00dfend an die Au\u00dfenreinigung in unserem Betrieb im Salzkammergut versiegeln wir das Fahrzeug, um es vor Rost und Korrosion zu sch\u00fctzen.<br><\/p>\n<\/div><figure class=\"wp-block-media-text__media\"><img loading=\"lazy\" decoding=\"async\" width=\"683\" height=\"1024\" src=\"https:\/\/nifty-ritchie.176-9-136-151.plesk.page\/wp-content\/uploads\/2024\/09\/DSC02340-min-683x1024.jpg\" alt=\"\" class=\"wp-image-134 size-full\" srcset=\"https:\/\/nifty-ritchie.176-9-136-151.plesk.page\/wp-content\/uploads\/2024\/09\/DSC02340-min-683x1024.jpg 683w, https:\/\/nifty-ritchie.176-9-136-151.plesk.page\/wp-content\/uploads\/2024\/09\/DSC02340-min-200x300.jpg 200w, https:\/\/nifty-ritchie.176-9-136-151.plesk.page\/wp-content\/uploads\/2024\/09\/DSC02340-min-768x1152.jpg 768w, https:\/\/nifty-ritchie.176-9-136-151.plesk.page\/wp-content\/uploads\/2024\/09\/DSC02340-min-1024x1536.jpg 1024w, https:\/\/nifty-ritchie.176-9-136-151.plesk.page\/wp-content\/uploads\/2024\/09\/DSC02340-min-1365x2048.jpg 1365w, https:\/\/nifty-ritchie.176-9-136-151.plesk.page\/wp-content\/uploads\/2024\/09\/DSC02340-min-scaled.jpg 1707w\" sizes=\"auto, (max-width: 683px) 100vw, 683px\" \/><\/figure><\/div>\n","protected":false},"excerpt":{"rendered":"<p>Lackschonende Au\u00dfenw\u00e4sche Im Mittelpunkt der Fahrzeug-Au\u00dfenaufbereitung steht eine lackschonende Au\u00dfenw\u00e4sche. Diese umfasst neben der Radkasten- und Felgenreinigung die h\u00e4ndische Reinigung der gesamten Karosserie sowie die Flugrost- und Insektenrestentfernung. Falls vorhanden, nehmen wir uns nat\u00fcrlich auch das Cabrio-Verdeck vor. Dabei achten wir stets auf eine sorgf\u00e4ltige und herstellerkonforme Durchf\u00fchrung aller Reinigungsarbeiten. Tiefenreinigung mit Dampf Zur professionellen [&hellip;]<\/p>\n","protected":false},"author":1,"featured_media":138,"parent":0,"menu_order":0,"comment_status":"closed","ping_status":"closed","template":"page-no-title","meta":{"footnotes":""},"class_list":["post-106","page","type-page","status-publish","has-post-thumbnail","hentry"],"_links":{"self":[{"href":"https:\/\/nifty-ritchie.176-9-136-151.plesk.page\/index.php?rest_route=\/wp\/v2\/pages\/106","targetHints":{"allow":["GET"]}}],"collection":[{"href":"https:\/\/nifty-ritchie.176-9-136-151.plesk.page\/index.php?rest_route=\/wp\/v2\/pages"}],"about":[{"href":"https:\/\/nifty-ritchie.176-9-136-151.plesk.page\/index.php?rest_route=\/wp\/v2\/types\/page"}],"author":[{"embeddable":true,"href":"https:\/\/nifty-ritchie.176-9-136-151.plesk.page\/index.php?rest_route=\/wp\/v2\/users\/1"}],"replies":[{"embeddable":true,"href":"https:\/\/nifty-ritchie.176-9-136-151.plesk.page\/index.php?rest_route=%2Fwp%2Fv2%2Fcomments&post=106"}],"version-history":[{"count":5,"href":"https:\/\/nifty-ritchie.176-9-136-151.plesk.page\/index.php?rest_route=\/wp\/v2\/pages\/106\/revisions"}],"predecessor-version":[{"id":154,"href":"https:\/\/nifty-ritchie.176-9-136-151.plesk.page\/index.php?rest_route=\/wp\/v2\/pages\/106\/revisions\/154"}],"wp:featuredmedia":[{"embeddable":true,"href":"https:\/\/nifty-ritchie.176-9-136-151.plesk.page\/index.php?rest_route=\/wp\/v2\/media\/138"}],"wp:attachment":[{"href":"https:\/\/nifty-ritchie.176-9-136-151.plesk.page\/index.php?rest_route=%2Fwp%2Fv2%2Fmedia&parent=106"}],"curies":[{"name":"wp","href":"https:\/\/api.w.org\/{rel}","templated":true}]}}